{"id":161,"date":"2021-04-27T23:00:13","date_gmt":"2021-04-27T22:00:13","guid":{"rendered":"https:\/\/bojsen.eu\/doc\/?page_id=161"},"modified":"2025-01-27T12:16:18","modified_gmt":"2025-01-27T11:16:18","slug":"velkommen-ny","status":"publish","type":"page","link":"https:\/\/www.pilotdoc.dk\/","title":{"rendered":"Velkommen"},"content":{"rendered":"\t\t<div data-elementor-type=\"wp-page\" data-elementor-id=\"161\" class=\"elementor elementor-161\">\n\t\t\t\t\t\t<section class=\"elementor-section elementor-top-section elementor-element elementor-element-b88e8d4 elementor-section-full_width elementor-section-height-default elementor-section-height-default\" data-id=\"b88e8d4\" data-element_type=\"section\" data-e-type=\"section\">\n\t\t\t\t\t\t<div class=\"elementor-container elementor-column-gap-default\">\n\t\t\t\t\t<div class=\"elementor-column elementor-col-100 elementor-top-column elementor-element elementor-element-c09ea16\" data-id=\"c09ea16\" data-element_type=\"column\" data-e-type=\"column\">\n\t\t\t<div class=\"elementor-widget-wrap elementor-element-populated\">\n\t\t\t\t\t\t<div class=\"elementor-element elementor-element-c3110e9 elementor-widget elementor-widget-spacer\" data-id=\"c3110e9\" data-element_type=\"widget\" data-e-type=\"widget\" data-widget_type=\"spacer.default\">\n\t\t\t\t<div class=\"elementor-widget-container\">\n\t\t\t\t\t\t\t<div class=\"elementor-spacer\">\n\t\t\t<div class=\"elementor-spacer-inner\"><\/div>\n\t\t<\/div>\n\t\t\t\t\t\t<\/div>\n\t\t\t\t<\/div>\n\t\t\t\t\t<\/div>\n\t\t<\/div>\n\t\t\t\t\t<\/div>\n\t\t<\/section>\n\t\t\t\t<section class=\"elementor-section elementor-top-section elementor-element elementor-element-98c9944 elementor-section-full_width elementor-section-height-default elementor-section-height-default\" data-id=\"98c9944\" data-element_type=\"section\" data-e-type=\"section\" data-settings=\"{&quot;background_background&quot;:&quot;classic&quot;}\">\n\t\t\t\t\t\t\t<div class=\"elementor-background-overlay\"><\/div>\n\t\t\t\t\t\t\t<div class=\"elementor-container elementor-column-gap-no\">\n\t\t\t\t\t<div class=\"elementor-column elementor-col-100 elementor-top-column elementor-element elementor-element-8d5cb0b\" data-id=\"8d5cb0b\" data-element_type=\"column\" data-e-type=\"column\" data-settings=\"{&quot;background_background&quot;:&quot;slideshow&quot;,&quot;background_slideshow_gallery&quot;:[{&quot;id&quot;:216,&quot;url&quot;:&quot;https:\\\/\\\/www.pilotdoc.dk\\\/wp-content\\\/uploads\\\/2021\\\/04\\\/yulia-agnis-dJ65_bvipik-unsplash-scaled.jpg&quot;},{&quot;id&quot;:215,&quot;url&quot;:&quot;https:\\\/\\\/www.pilotdoc.dk\\\/wp-content\\\/uploads\\\/2021\\\/04\\\/markus-winkler-5nPFgUO7NBA-unsplash-scaled.jpg&quot;},{&quot;id&quot;:213,&quot;url&quot;:&quot;https:\\\/\\\/www.pilotdoc.dk\\\/wp-content\\\/uploads\\\/2021\\\/04\\\/ross-parmly-rf6ywHVkrlY-unsplash-scaled.jpg&quot;},{&quot;id&quot;:6,&quot;url&quot;:&quot;https:\\\/\\\/www.pilotdoc.dk\\\/wp-content\\\/uploads\\\/2018\\\/08\\\/Unavngivet.png&quot;}],&quot;background_slideshow_loop&quot;:&quot;yes&quot;,&quot;background_slideshow_slide_duration&quot;:5000,&quot;background_slideshow_slide_transition&quot;:&quot;fade&quot;,&quot;background_slideshow_transition_duration&quot;:500}\">\n\t\t\t<div class=\"elementor-widget-wrap elementor-element-populated\">\n\t\t\t\t\t\t<div class=\"elementor-element elementor-element-7ec2f8c elementor-widget elementor-widget-spacer\" data-id=\"7ec2f8c\" data-element_type=\"widget\" data-e-type=\"widget\" data-widget_type=\"spacer.default\">\n\t\t\t\t<div class=\"elementor-widget-container\">\n\t\t\t\t\t\t\t<div class=\"elementor-spacer\">\n\t\t\t<div class=\"elementor-spacer-inner\"><\/div>\n\t\t<\/div>\n\t\t\t\t\t\t<\/div>\n\t\t\t\t<\/div>\n\t\t\t\t<div class=\"elementor-element elementor-element-046f389 elementor-widget elementor-widget-heading\" data-id=\"046f389\" data-element_type=\"widget\" data-e-type=\"widget\" data-widget_type=\"heading.default\">\n\t\t\t\t<div class=\"elementor-widget-container\">\n\t\t\t\t\t<h1 class=\"elementor-heading-title elementor-size-default\"><b>Velkommen<\/b><\/h1>\t\t\t\t<\/div>\n\t\t\t\t<\/div>\n\t\t\t\t<div class=\"elementor-element elementor-element-bf828a2 elementor-widget elementor-widget-spacer\" data-id=\"bf828a2\" data-element_type=\"widget\" data-e-type=\"widget\" data-widget_type=\"spacer.default\">\n\t\t\t\t<div class=\"elementor-widget-container\">\n\t\t\t\t\t\t\t<div class=\"elementor-spacer\">\n\t\t\t<div class=\"elementor-spacer-inner\"><\/div>\n\t\t<\/div>\n\t\t\t\t\t\t<\/div>\n\t\t\t\t<\/div>\n\t\t\t\t\t<\/div>\n\t\t<\/div>\n\t\t\t\t\t<\/div>\n\t\t<\/section>\n\t\t\t\t<section class=\"elementor-section elementor-top-section elementor-element elementor-element-aad21b1 elementor-section-full_width elementor-section-height-default elementor-section-height-default\" data-id=\"aad21b1\" data-element_type=\"section\" data-e-type=\"section\">\n\t\t\t\t\t\t<div class=\"elementor-container elementor-column-gap-default\">\n\t\t\t\t\t<div class=\"elementor-column elementor-col-100 elementor-top-column elementor-element elementor-element-82daf48\" data-id=\"82daf48\" data-element_type=\"column\" data-e-type=\"column\">\n\t\t\t<div class=\"elementor-widget-wrap elementor-element-populated\">\n\t\t\t\t\t\t<div class=\"elementor-element elementor-element-587c7e7 elementor-widget elementor-widget-spacer\" data-id=\"587c7e7\" data-element_type=\"widget\" data-e-type=\"widget\" data-widget_type=\"spacer.default\">\n\t\t\t\t<div class=\"elementor-widget-container\">\n\t\t\t\t\t\t\t<div class=\"elementor-spacer\">\n\t\t\t<div class=\"elementor-spacer-inner\"><\/div>\n\t\t<\/div>\n\t\t\t\t\t\t<\/div>\n\t\t\t\t<\/div>\n\t\t\t\t<div class=\"elementor-element elementor-element-89158c8 elementor-widget elementor-widget-text-editor\" data-id=\"89158c8\" data-element_type=\"widget\" data-e-type=\"widget\" data-widget_type=\"text-editor.default\">\n\t\t\t\t<div class=\"elementor-widget-container\">\n\t\t\t\t\t\t\t\t\t<h2><strong>OBS! OBS! OBS!<\/strong><\/h2>\n<p>Hvis du siden seneste fornyelsesunders\u00f8gelse har konsulteret din l\u00e6ge, <strong>SKAL<\/strong> du medbringe\u00a0<b>l\u00e6gens journaloptegnelser<\/b>.<\/p>\t\t\t\t\t\t\t\t<\/div>\n\t\t\t\t<\/div>\n\t\t\t\t<div class=\"elementor-element elementor-element-57b01e7 elementor-widget__width-inherit elementor-widget-mobile__width-auto elementor-widget elementor-widget-text-editor\" data-id=\"57b01e7\" data-element_type=\"widget\" data-e-type=\"widget\" data-widget_type=\"text-editor.default\">\n\t\t\t\t<div class=\"elementor-widget-container\">\n\t\t\t\t\t\t\t\t\t<p style=\"text-align: left;\">Velkommen til DK\/AME\/61 Thomas Bojsen<\/p>\n<p>Her finder du oplysninger til brug for f\u00f8rstegangsudstedelse og fornyelse af Class 2, LAPL og CC Medical.<\/p>\n<p>Desuden foretages fornyelsesunders\u00f8gelse af Class 1. F\u00f8rstegangsudstedelse af Class 1 foreg\u00e5r p\u00e5 et AeMC.<\/p>\n<p>For Class 3 Medical henvises til AeMC og\u00a0 Class 3 AMEs. En oversigt kan findes p\u00e5 Trafik- og Boligstyrelsens hjemmeside &#8211; <a href=\"https:\/\/www.trafikstyrelsen.dk\/da\/Luftfart\/Ansoegninger-individuelle\/Helbredsgodkendelse#oversigt-over-flyvelaeger\">klik her<\/a><\/p>\n<p><\/p>\t\t\t\t\t\t\t\t<\/div>\n\t\t\t\t<\/div>\n\t\t\t\t<div class=\"elementor-element elementor-element-0e26e35 elementor-hidden-phone elementor-widget elementor-widget-spacer\" data-id=\"0e26e35\" data-element_type=\"widget\" data-e-type=\"widget\" data-widget_type=\"spacer.default\">\n\t\t\t\t<div class=\"elementor-widget-container\">\n\t\t\t\t\t\t\t<div class=\"elementor-spacer\">\n\t\t\t<div class=\"elementor-spacer-inner\"><\/div>\n\t\t<\/div>\n\t\t\t\t\t\t<\/div>\n\t\t\t\t<\/div>\n\t\t\t\t<div class=\"elementor-element elementor-element-f1d9164 elementor-hidden-phone elementor-widget elementor-widget-spacer\" data-id=\"f1d9164\" data-element_type=\"widget\" data-e-type=\"widget\" data-widget_type=\"spacer.default\">\n\t\t\t\t<div class=\"elementor-widget-container\">\n\t\t\t\t\t\t\t<div class=\"elementor-spacer\">\n\t\t\t<div class=\"elementor-spacer-inner\"><\/div>\n\t\t<\/div>\n\t\t\t\t\t\t<\/div>\n\t\t\t\t<\/div>\n\t\t\t\t\t<\/div>\n\t\t<\/div>\n\t\t\t\t\t<\/div>\n\t\t<\/section>\n\t\t\t\t<\/div>\n\t\t","protected":false},"excerpt":{"rendered":"<p>Velkommen OBS! OBS! OBS! Hvis du siden seneste fornyelsesunders\u00f8gelse har konsulteret din l\u00e6ge, SKAL du medbringe\u00a0l\u00e6gens journaloptegnelser. Velkommen til DK\/AME\/61 Thomas Bojsen Her finder du oplysninger til brug for f\u00f8rstegangsudstedelse og fornyelse af Class 2, LAPL og CC Medical. Desuden foretages fornyelsesunders\u00f8gelse af Class 1. F\u00f8rstegangsudstedelse af Class 1 foreg\u00e5r p\u00e5 et AeMC. For Class [&hellip;]<\/p>\n","protected":false},"author":1,"featured_media":216,"parent":0,"menu_order":0,"comment_status":"closed","ping_status":"closed","template":"elementor_header_footer","meta":{"footnotes":""},"class_list":["post-161","page","type-page","status-publish","has-post-thumbnail","hentry"],"_links":{"self":[{"href":"https:\/\/www.pilotdoc.dk\/index.php\/wp-json\/wp\/v2\/pages\/161","targetHints":{"allow":["GET"]}}],"collection":[{"href":"https:\/\/www.pilotdoc.dk\/index.php\/wp-json\/wp\/v2\/pages"}],"about":[{"href":"https:\/\/www.pilotdoc.dk\/index.php\/wp-json\/wp\/v2\/types\/page"}],"author":[{"embeddable":true,"href":"https:\/\/www.pilotdoc.dk\/index.php\/wp-json\/wp\/v2\/users\/1"}],"replies":[{"embeddable":true,"href":"https:\/\/www.pilotdoc.dk\/index.php\/wp-json\/wp\/v2\/comments?post=161"}],"version-history":[{"count":58,"href":"https:\/\/www.pilotdoc.dk\/index.php\/wp-json\/wp\/v2\/pages\/161\/revisions"}],"predecessor-version":[{"id":539,"href":"https:\/\/www.pilotdoc.dk\/index.php\/wp-json\/wp\/v2\/pages\/161\/revisions\/539"}],"wp:featuredmedia":[{"embeddable":true,"href":"https:\/\/www.pilotdoc.dk\/index.php\/wp-json\/wp\/v2\/media\/216"}],"wp:attachment":[{"href":"https:\/\/www.pilotdoc.dk\/index.php\/wp-json\/wp\/v2\/media?parent=161"}],"curies":[{"name":"wp","href":"https:\/\/api.w.org\/{rel}","templated":true}]}}